{"id":67,"date":"2023-01-03T11:28:30","date_gmt":"2023-01-03T11:28:30","guid":{"rendered":"http:\/\/icup.unipo.sk\/?page_id=67"},"modified":"2023-01-23T15:55:19","modified_gmt":"2023-01-23T15:55:19","slug":"vyhladavac-mobilit","status":"publish","type":"page","link":"http:\/\/icup.unipo.sk\/index.php\/vyhladavac-mobilit\/","title":{"rendered":"VYH\u013dAD\u00c1VA\u010c MOBIL\u00cdT"},"content":{"rendered":"\n<hr class=\"wp-block-separator has-alpha-channel-opacity is-style-wide\"\/>\n\n\n\n<div class=\"wp-block-columns is-layout-flex wp-container-core-columns-is-layout-9d6595d7 wp-block-columns-is-layout-flex\">\n<div class=\"wp-block-column is-layout-flow wp-block-column-is-layout-flow\">\n<figure class=\"wp-block-image size-full is-resized\"><a href=\"http:\/\/icup.unipo.sk\/index.php\/2023\/01\/15\/andragogika\/\"><img loading=\"lazy\" decoding=\"async\" src=\"http:\/\/icup.unipo.sk\/wp-content\/uploads\/2023\/01\/andra_button.png\" alt=\"\" class=\"wp-image-327\" width=\"150\" height=\"75\"\/><\/a><\/figure>\n<\/div>\n\n\n\n<div class=\"wp-block-column is-layout-flow wp-block-column-is-layout-flow\">\n<figure class=\"wp-block-image size-full is-resized\"><a href=\"http:\/\/icup.unipo.sk\/index.php\/2023\/01\/15\/anglicky-jazyk\/\"><img loading=\"lazy\" decoding=\"async\" src=\"http:\/\/icup.unipo.sk\/wp-content\/uploads\/2023\/01\/aj_utton.png\" alt=\"\" class=\"wp-image-333\" width=\"150\" height=\"75\"\/><\/a><\/figure>\n<\/div>\n\n\n\n<div class=\"wp-block-column is-layout-flow wp-block-column-is-layout-flow\">\n<figure class=\"wp-block-image size-full is-resized\"><a href=\"http:\/\/icup.unipo.sk\/index.php\/2023\/01\/17\/sport\/\"><img loading=\"lazy\" decoding=\"async\" src=\"http:\/\/icup.unipo.sk\/wp-content\/uploads\/2023\/01\/sport_button.png\" alt=\"\" class=\"wp-image-362\" width=\"150\" height=\"75\"\/><\/a><\/figure>\n<\/div>\n\n\n\n<div class=\"wp-block-column is-layout-flow wp-block-column-is-layout-flow\">\n<figure class=\"wp-block-image size-full is-resized\"><a href=\"http:\/\/icup.unipo.sk\/index.php\/2023\/01\/18\/zdravotnicke-odbory\/\"><img loading=\"lazy\" decoding=\"async\" src=\"http:\/\/icup.unipo.sk\/wp-content\/uploads\/2023\/01\/zo_button.png\" alt=\"\" class=\"wp-image-408\" width=\"150\" height=\"75\"\/><\/a><\/figure>\n<\/div>\n\n\n\n<div class=\"wp-block-column is-layout-flow wp-block-column-is-layout-flow\">\n<figure class=\"wp-block-image size-full is-resized\"><a href=\"http:\/\/icup.unipo.sk\/index.php\/2023\/01\/22\/teologia\/\"><img loading=\"lazy\" decoding=\"async\" src=\"http:\/\/icup.unipo.sk\/wp-content\/uploads\/2023\/01\/teo_button.png\" alt=\"\" class=\"wp-image-429\" width=\"150\" height=\"75\"\/><\/a><\/figure>\n<\/div>\n\n\n\n<div class=\"wp-block-column is-layout-flow wp-block-column-is-layout-flow\">\n<figure class=\"wp-block-image size-full is-resized\"><a href=\"http:\/\/icup.unipo.sk\/index.php\/2023\/01\/22\/pedagogika\/\"><img loading=\"lazy\" decoding=\"async\" src=\"http:\/\/icup.unipo.sk\/wp-content\/uploads\/2023\/01\/pg_button.png\" alt=\"\" class=\"wp-image-467\" width=\"150\" height=\"75\"\/><\/a><\/figure>\n<\/div>\n<\/div>\n\n\n\n<hr class=\"wp-block-separator has-alpha-channel-opacity is-style-wide\"\/>\n\n\n\n<div class=\"wp-block-columns alignwide is-layout-flex wp-container-core-columns-is-layout-9d6595d7 wp-block-columns-is-layout-flex\">\n<div class=\"wp-block-column is-layout-flow wp-block-column-is-layout-flow\"><section class=\"ub-block-post-grid align \"><div class=\"ub-post-grid-items is-list\"><article id=\"post-266\" class=\"ub-post-grid-item post-266 post type-post status-publish format-standard has-post-thumbnail hentry category-ff tag-ff\"><div class=\"ub-block-post-grid-image\"><a href=\"http:\/\/icup.unipo.sk\/index.php\/2023\/01\/15\/filozoficka-fakulta\/\" rel=\"bookmark\" aria-hidden=\"true\" tabindex=\"-1\"><img loading=\"lazy\" decoding=\"async\" width=\"169\" height=\"171\" src=\"http:\/\/icup.unipo.sk\/wp-content\/uploads\/2023\/01\/logo-ff-pu.jpg.jpg\" class=\"attachment-600x0 size-600x0\" alt=\"\" \/><\/a><\/div><div class=\"ub-block-post-grid-text\"><header class=\"ub-block-post-grid-header\"><h4 class=\"ub-block-post-grid-title\"><a href=\"http:\/\/icup.unipo.sk\/index.php\/2023\/01\/15\/filozoficka-fakulta\/\" rel=\"bookmark\">FILOZOFICK\u00c1 FAKULTA<\/a><\/h4><\/header><div class=\"ub-block-post-grid-excerpt\"><\/div><\/div><\/article>\n<\/div><\/section><\/div>\n\n\n\n<div class=\"wp-block-column is-layout-flow wp-block-column-is-layout-flow\"><section class=\"ub-block-post-grid align \"><div class=\"ub-post-grid-items is-list\"><article id=\"post-197\" class=\"ub-post-grid-item post-197 post type-post status-publish format-standard has-post-thumbnail hentry category-fhpv tag-fhpv\"><div class=\"ub-block-post-grid-image\"><a href=\"http:\/\/icup.unipo.sk\/index.php\/2023\/01\/15\/fakulta-humanitnych-a-prirodnych-vied\/\" rel=\"bookmark\" aria-hidden=\"true\" tabindex=\"-1\"><img loading=\"lazy\" decoding=\"async\" width=\"225\" height=\"225\" src=\"http:\/\/icup.unipo.sk\/wp-content\/uploads\/2023\/01\/fhv.jpg\" class=\"attachment-600x0 size-600x0\" alt=\"\" srcset=\"http:\/\/icup.unipo.sk\/wp-content\/uploads\/2023\/01\/fhv.jpg 225w, http:\/\/icup.unipo.sk\/wp-content\/uploads\/2023\/01\/fhv-150x150.jpg 150w\" sizes=\"auto, (max-width: 225px) 100vw, 225px\" \/><\/a><\/div><div class=\"ub-block-post-grid-text\"><header class=\"ub-block-post-grid-header\"><h4 class=\"ub-block-post-grid-title\"><a href=\"http:\/\/icup.unipo.sk\/index.php\/2023\/01\/15\/fakulta-humanitnych-a-prirodnych-vied\/\" rel=\"bookmark\">FAKULTA HUMANITN\u00ddCH A PR\u00cdRODN\u00ddCH VIED<\/a><\/h4><\/header><div class=\"ub-block-post-grid-excerpt\"><\/div><\/div><\/article>\n<\/div><\/section><\/div>\n<\/div>\n\n\n\n<div class=\"wp-block-columns alignwide is-layout-flex wp-container-core-columns-is-layout-9d6595d7 wp-block-columns-is-layout-flex\">\n<div class=\"wp-block-column is-layout-flow wp-block-column-is-layout-flow\"><section class=\"ub-block-post-grid align \"><div class=\"ub-post-grid-items is-list\"><article id=\"post-355\" class=\"ub-post-grid-item post-355 post type-post status-publish format-standard has-post-thumbnail hentry category-fsp tag-fsportu\"><div class=\"ub-block-post-grid-image\"><a href=\"http:\/\/icup.unipo.sk\/index.php\/2023\/01\/17\/fakulta-sportu\/\" rel=\"bookmark\" aria-hidden=\"true\" tabindex=\"-1\"><img loading=\"lazy\" decoding=\"async\" width=\"150\" height=\"150\" src=\"http:\/\/icup.unipo.sk\/wp-content\/uploads\/2023\/01\/717080000_87002.jpg\" class=\"attachment-600x0 size-600x0\" alt=\"\" \/><\/a><\/div><div class=\"ub-block-post-grid-text\"><header class=\"ub-block-post-grid-header\"><h4 class=\"ub-block-post-grid-title\"><a href=\"http:\/\/icup.unipo.sk\/index.php\/2023\/01\/17\/fakulta-sportu\/\" rel=\"bookmark\">FAKULTA \u0160PORTU<\/a><\/h4><\/header><div class=\"ub-block-post-grid-excerpt\"><\/div><\/div><\/article>\n<\/div><\/section><\/div>\n\n\n\n<div class=\"wp-block-column is-layout-flow wp-block-column-is-layout-flow\"><section class=\"ub-block-post-grid align \"><div class=\"ub-post-grid-items is-list\"><article id=\"post-375\" class=\"ub-post-grid-item post-375 post type-post status-publish format-standard has-post-thumbnail hentry category-fzo tag-fzo\"><div class=\"ub-block-post-grid-image\"><a href=\"http:\/\/icup.unipo.sk\/index.php\/2023\/01\/18\/fakulta-zdravotnickych-odborov\/\" rel=\"bookmark\" aria-hidden=\"true\" tabindex=\"-1\"><img loading=\"lazy\" decoding=\"async\" width=\"270\" height=\"270\" src=\"http:\/\/icup.unipo.sk\/wp-content\/uploads\/2023\/01\/fzo-pu-270x270-1.png\" class=\"attachment-600x0 size-600x0\" alt=\"\" srcset=\"http:\/\/icup.unipo.sk\/wp-content\/uploads\/2023\/01\/fzo-pu-270x270-1.png 270w, http:\/\/icup.unipo.sk\/wp-content\/uploads\/2023\/01\/fzo-pu-270x270-1-150x150.png 150w, http:\/\/icup.unipo.sk\/wp-content\/uploads\/2023\/01\/fzo-pu-270x270-1-230x230.png 230w\" sizes=\"auto, (max-width: 270px) 100vw, 270px\" \/><\/a><\/div><div class=\"ub-block-post-grid-text\"><header class=\"ub-block-post-grid-header\"><h4 class=\"ub-block-post-grid-title\"><a href=\"http:\/\/icup.unipo.sk\/index.php\/2023\/01\/18\/fakulta-zdravotnickych-odborov\/\" rel=\"bookmark\">FAKULTA ZDRAVOTN\u00cdCKYCH ODBOROV<\/a><\/h4><\/header><div class=\"ub-block-post-grid-excerpt\"><\/div><\/div><\/article>\n<\/div><\/section><\/div>\n<\/div>\n\n\n\n<div class=\"wp-block-columns alignwide are-vertically-aligned-center has-small-font-size is-layout-flex wp-container-core-columns-is-layout-9d6595d7 wp-block-columns-is-layout-flex\">\n<div class=\"wp-block-column is-vertically-aligned-center is-layout-flow wp-block-column-is-layout-flow\"><section class=\"ub-block-post-grid alignfull \"><div class=\"ub-post-grid-items is-list\"><article id=\"post-417\" class=\"ub-post-grid-item post-417 post type-post status-publish format-standard has-post-thumbnail hentry category-gtf tag-teologia\"><div class=\"ub-block-post-grid-image\"><a href=\"http:\/\/icup.unipo.sk\/index.php\/2023\/01\/22\/greckokatolicka-teologicka-fakulta\/\" rel=\"bookmark\" aria-hidden=\"true\" tabindex=\"-1\"><img loading=\"lazy\" decoding=\"async\" width=\"224\" height=\"224\" src=\"http:\/\/icup.unipo.sk\/wp-content\/uploads\/2023\/01\/gtf.png\" class=\"attachment-600x0 size-600x0\" alt=\"\" srcset=\"http:\/\/icup.unipo.sk\/wp-content\/uploads\/2023\/01\/gtf.png 224w, http:\/\/icup.unipo.sk\/wp-content\/uploads\/2023\/01\/gtf-150x150.png 150w\" sizes=\"auto, (max-width: 224px) 100vw, 224px\" \/><\/a><\/div><div class=\"ub-block-post-grid-text\"><header class=\"ub-block-post-grid-header\"><h4 class=\"ub-block-post-grid-title\"><a href=\"http:\/\/icup.unipo.sk\/index.php\/2023\/01\/22\/greckokatolicka-teologicka-fakulta\/\" rel=\"bookmark\">GR\u00c9CKOKATOL\u00cdCKA TEOLOGICK\u00c1 FAKULTA<\/a><\/h4><\/header><div class=\"ub-block-post-grid-excerpt\"><\/div><\/div><\/article>\n<\/div><\/section><\/div>\n\n\n\n<div class=\"wp-block-column is-vertically-aligned-center is-layout-flow wp-block-column-is-layout-flow\"><section class=\"ub-block-post-grid align \"><div class=\"ub-post-grid-items is-list\"><article id=\"post-437\" class=\"ub-post-grid-item post-437 post type-post status-publish format-standard has-post-thumbnail hentry category-pbo tag-teologia\"><div class=\"ub-block-post-grid-image\"><a href=\"http:\/\/icup.unipo.sk\/index.php\/2023\/01\/22\/pravoslavna-bohoslovecka-fakulta\/\" rel=\"bookmark\" aria-hidden=\"true\" tabindex=\"-1\"><img loading=\"lazy\" decoding=\"async\" width=\"225\" height=\"225\" src=\"http:\/\/icup.unipo.sk\/wp-content\/uploads\/2023\/01\/pbf.png\" class=\"attachment-600x0 size-600x0\" alt=\"\" srcset=\"http:\/\/icup.unipo.sk\/wp-content\/uploads\/2023\/01\/pbf.png 225w, http:\/\/icup.unipo.sk\/wp-content\/uploads\/2023\/01\/pbf-150x150.png 150w\" sizes=\"auto, (max-width: 225px) 100vw, 225px\" \/><\/a><\/div><div class=\"ub-block-post-grid-text\"><header class=\"ub-block-post-grid-header\"><h4 class=\"ub-block-post-grid-title\"><a href=\"http:\/\/icup.unipo.sk\/index.php\/2023\/01\/22\/pravoslavna-bohoslovecka-fakulta\/\" rel=\"bookmark\">PRAVOSL\u00c1VNA BOHOSLOVECK\u00c1 FAKULTA<\/a><\/h4><\/header><div class=\"ub-block-post-grid-excerpt\"><\/div><\/div><\/article>\n<\/div><\/section><\/div>\n<\/div>\n\n\n\n<div class=\"wp-block-columns alignwide are-vertically-aligned-center has-small-font-size is-layout-flex wp-container-core-columns-is-layout-9d6595d7 wp-block-columns-is-layout-flex\">\n<div class=\"wp-block-column is-vertically-aligned-center is-layout-flow wp-block-column-is-layout-flow\"><section class=\"ub-block-post-grid alignfull \"><div class=\"ub-post-grid-items is-list\"><article id=\"post-457\" class=\"ub-post-grid-item post-457 post type-post status-publish format-standard has-post-thumbnail hentry category-pf tag-pedagogika\"><div class=\"ub-block-post-grid-image\"><a href=\"http:\/\/icup.unipo.sk\/index.php\/2023\/01\/22\/pedagogicka-fakulta\/\" rel=\"bookmark\" aria-hidden=\"true\" tabindex=\"-1\"><img loading=\"lazy\" decoding=\"async\" width=\"200\" height=\"200\" src=\"http:\/\/icup.unipo.sk\/wp-content\/uploads\/2023\/01\/pgcka.gif\" class=\"attachment-600x0 size-600x0\" alt=\"\" \/><\/a><\/div><div class=\"ub-block-post-grid-text\"><header class=\"ub-block-post-grid-header\"><h4 class=\"ub-block-post-grid-title\"><a href=\"http:\/\/icup.unipo.sk\/index.php\/2023\/01\/22\/pedagogicka-fakulta\/\" rel=\"bookmark\">PEDAGOGICK\u00c1 FAKULTA<\/a><\/h4><\/header><div class=\"ub-block-post-grid-excerpt\"><\/div><\/div><\/article>\n<\/div><\/section><\/div>\n\n\n\n<div class=\"wp-block-column is-vertically-aligned-center is-layout-flow wp-block-column-is-layout-flow\"><section class=\"ub-block-post-grid align \"><div class=\"ub-post-grid-items is-list\"><article id=\"post-201\" class=\"ub-post-grid-item post-201 post type-post status-publish format-standard has-post-thumbnail hentry category-fmeo tag-fmeo\"><div class=\"ub-block-post-grid-image\"><a href=\"http:\/\/icup.unipo.sk\/index.php\/2023\/01\/15\/fakulta-manazmentu-ekonomiky-a-obchodu\/\" rel=\"bookmark\" aria-hidden=\"true\" tabindex=\"-1\"><img loading=\"lazy\" decoding=\"async\" width=\"225\" height=\"225\" src=\"http:\/\/icup.unipo.sk\/wp-content\/uploads\/2023\/01\/mana.png\" class=\"attachment-600x0 size-600x0\" alt=\"\" srcset=\"http:\/\/icup.unipo.sk\/wp-content\/uploads\/2023\/01\/mana.png 225w, http:\/\/icup.unipo.sk\/wp-content\/uploads\/2023\/01\/mana-150x150.png 150w\" sizes=\"auto, (max-width: 225px) 100vw, 225px\" \/><\/a><\/div><div class=\"ub-block-post-grid-text\"><header class=\"ub-block-post-grid-header\"><h4 class=\"ub-block-post-grid-title\"><a href=\"http:\/\/icup.unipo.sk\/index.php\/2023\/01\/15\/fakulta-manazmentu-ekonomiky-a-obchodu\/\" rel=\"bookmark\">FAKULTA MANA\u017dMENTU, EKONOMIKY A OBCHODU<\/a><\/h4><\/header><div class=\"ub-block-post-grid-excerpt\"><\/div><\/div><\/article>\n<\/div><\/section><\/div>\n<\/div>\n","protected":false},"excerpt":{"rendered":"","protected":false},"author":1,"featured_media":401,"parent":0,"menu_order":0,"comment_status":"closed","ping_status":"closed","template":"","meta":{"ub_ctt_via":"","footnotes":""},"class_list":["post-67","page","type-page","status-publish","has-post-thumbnail","hentry"],"featured_image_src":"http:\/\/icup.unipo.sk\/wp-content\/uploads\/2023\/01\/fzo-pu-270x270-1.png","_links":{"self":[{"href":"http:\/\/icup.unipo.sk\/index.php\/wp-json\/wp\/v2\/pages\/67","targetHints":{"allow":["GET"]}}],"collection":[{"href":"http:\/\/icup.unipo.sk\/index.php\/wp-json\/wp\/v2\/pages"}],"about":[{"href":"http:\/\/icup.unipo.sk\/index.php\/wp-json\/wp\/v2\/types\/page"}],"author":[{"embeddable":true,"href":"http:\/\/icup.unipo.sk\/index.php\/wp-json\/wp\/v2\/users\/1"}],"replies":[{"embeddable":true,"href":"http:\/\/icup.unipo.sk\/index.php\/wp-json\/wp\/v2\/comments?post=67"}],"version-history":[{"count":76,"href":"http:\/\/icup.unipo.sk\/index.php\/wp-json\/wp\/v2\/pages\/67\/revisions"}],"predecessor-version":[{"id":487,"href":"http:\/\/icup.unipo.sk\/index.php\/wp-json\/wp\/v2\/pages\/67\/revisions\/487"}],"wp:featuredmedia":[{"embeddable":true,"href":"http:\/\/icup.unipo.sk\/index.php\/wp-json\/wp\/v2\/media\/401"}],"wp:attachment":[{"href":"http:\/\/icup.unipo.sk\/index.php\/wp-json\/wp\/v2\/media?parent=67"}],"curies":[{"name":"wp","href":"https:\/\/api.w.org\/{rel}","templated":true}]}}