{"id":16,"date":"2023-01-02T10:06:37","date_gmt":"2023-01-02T10:06:37","guid":{"rendered":"http:\/\/icup.unipo.sk\/?page_id=16"},"modified":"2023-01-23T10:53:18","modified_gmt":"2023-01-23T10:53:18","slug":"contact","status":"publish","type":"page","link":"http:\/\/icup.unipo.sk\/index.php\/contact\/","title":{"rendered":"KONTAKT"},"content":{"rendered":"\n<div class=\"wp-block-columns is-layout-flex wp-container-core-columns-is-layout-9d6595d7 wp-block-columns-is-layout-flex\">\n<div class=\"wp-block-column is-layout-flow wp-block-column-is-layout-flow\">\n<p>Po\u0161tov\u00e1 adresa:<br>Pre\u0161ovsk\u00e1 univerzita v Pre\u0161ove<br>Ul. 17. novembra \u010d.15<br>080 01 Pre\u0161ov<br>Slovakia<\/p>\n<\/div>\n\n\n\n<div class=\"wp-block-column is-layout-flow wp-block-column-is-layout-flow\">\n<p>Telefonick\u00fd kontakt:<br>Tel: +421 51 75 63 110<\/p>\n\n\n\n<p>E-mail: unipo@unipo.sk<\/p>\n<\/div>\n\n\n\n<div class=\"wp-block-column is-layout-flow wp-block-column-is-layout-flow\">\n<p>Identifika\u010dn\u00e9 \u00fadaje:<br>I\u010cO: 17070775<br>I\u010cDPH: SK2020980082<br>DI\u010c: 2020980082<\/p>\n<\/div>\n<\/div>\n\n\n\n<p><\/p>\n","protected":false},"excerpt":{"rendered":"<p>Po\u0161tov\u00e1 adresa:Pre\u0161ovsk\u00e1 univerzita v Pre\u0161oveUl. 17. novembra \u010d.15080 01 Pre\u0161ovSlovakia Telefonick\u00fd kontakt:Tel: +421 51 75 63 110 E-mail: unipo@unipo.sk Identifika\u010dn\u00e9 \u00fadaje:I\u010cO: 17070775I\u010cDPH: SK2020980082DI\u010c: 2020980082<\/p>\n","protected":false},"author":1,"featured_media":0,"parent":0,"menu_order":0,"comment_status":"closed","ping_status":"closed","template":"page-templates\/contact.php","meta":{"ub_ctt_via":"","footnotes":""},"class_list":["post-16","page","type-page","status-publish","hentry"],"featured_image_src":null,"_links":{"self":[{"href":"http:\/\/icup.unipo.sk\/index.php\/wp-json\/wp\/v2\/pages\/16","targetHints":{"allow":["GET"]}}],"collection":[{"href":"http:\/\/icup.unipo.sk\/index.php\/wp-json\/wp\/v2\/pages"}],"about":[{"href":"http:\/\/icup.unipo.sk\/index.php\/wp-json\/wp\/v2\/types\/page"}],"author":[{"embeddable":true,"href":"http:\/\/icup.unipo.sk\/index.php\/wp-json\/wp\/v2\/users\/1"}],"replies":[{"embeddable":true,"href":"http:\/\/icup.unipo.sk\/index.php\/wp-json\/wp\/v2\/comments?post=16"}],"version-history":[{"count":3,"href":"http:\/\/icup.unipo.sk\/index.php\/wp-json\/wp\/v2\/pages\/16\/revisions"}],"predecessor-version":[{"id":477,"href":"http:\/\/icup.unipo.sk\/index.php\/wp-json\/wp\/v2\/pages\/16\/revisions\/477"}],"wp:attachment":[{"href":"http:\/\/icup.unipo.sk\/index.php\/wp-json\/wp\/v2\/media?parent=16"}],"curies":[{"name":"wp","href":"https:\/\/api.w.org\/{rel}","templated":true}]}}